{"id":3154,"date":"2023-12-18T12:13:39","date_gmt":"2023-12-18T11:13:39","guid":{"rendered":"https:\/\/asesoriaestudio20.com\/?page_id=3154"},"modified":"2023-12-18T12:13:39","modified_gmt":"2023-12-18T11:13:39","slug":"aviso-legal","status":"publish","type":"page","link":"https:\/\/asesoriaestudio20.com\/gl\/aviso-legal\/","title":{"rendered":"Aviso Legal"},"content":{"rendered":"<div class=\"fusion-fullwidth fullwidth-box fusion-builder-row-1 fusion-flex-container has-pattern-background has-mask-background nonhundred-percent-fullwidth non-hundred-percent-height-scrolling\" style=\"--awb-border-radius-top-left:0px;--awb-border-radius-top-right:0px;--awb-border-radius-bottom-right:0px;--awb-border-radius-bottom-left:0px;--awb-flex-wrap:wrap;\" ><div class=\"fusion-builder-row fusion-row fusion-flex-align-items-flex-start fusion-flex-content-wrap\" style=\"max-width:1372.8px;margin-left: calc(-4% \/ 2 );margin-right: calc(-4% \/ 2 );\"><div class=\"fusion-layout-column fusion_builder_column fusion-builder-column-0 fusion_builder_column_1_1 1_1 fusion-flex-column\" style=\"--awb-bg-size:cover;--awb-width-large:100%;--awb-margin-top-large:20px;--awb-spacing-right-large:1.92%;--awb-margin-bottom-large:20px;--awb-spacing-left-large:1.92%;--awb-width-medium:100%;--awb-order-medium:0;--awb-spacing-right-medium:1.92%;--awb-spacing-left-medium:1.92%;--awb-width-small:100%;--awb-order-small:0;--awb-spacing-right-small:1.92%;--awb-spacing-left-small:1.92%;\"><div class=\"fusion-column-wrapper fusion-column-has-shadow fusion-flex-justify-content-flex-start fusion-content-layout-column\"><div class=\"fusion-title title fusion-title-1 fusion-sep-none fusion-title-center fusion-title-text fusion-title-size-one\"><h1 class=\"fusion-title-heading title-heading-center fusion-responsive-typography-calculated\" style=\"margin:0;--fontSize:72;line-height:var(--awb-typography1-line-height);\">Aviso Legal<\/h1><\/div><div class=\"fusion-text fusion-text-1\"><p><strong>Informaci\u00f3n General<\/strong><\/p>\n<p>El titular de este sitio web es ASESORIA ESTUDIO 20 DE CEE, S.L., con CIF B15092018 y domicilio sito en Avda. Fernando Blanco, 23, 1\u00baD. 15270 &#8211; Cee (A Coru\u00f1a)<\/p>\n<p>Con \u00e1nimo de que el uso del Sitio Web se ajuste a criterios de transparencia, claridad y sencillez, ASESORIA ESTUDIO 20 DE CEE, S.L., informa al usuario que cualquier sugerencia, duda o consulta sobre el presente Aviso Legal o cualquier otro documento informativo del sitio web ser\u00e1 recibida y solucionada contactando con ASESORIA ESTUDIO 20 DE CEE, S.L., a trav\u00e9s de la direcci\u00f3n de correo electr\u00f3nica: info@asesoriaestudio20.com<\/p>\n<p><strong>Propiedad Intelectual<\/strong><\/p>\n<p>Todos los contenidos que se muestran en el presente sitio web, y en especial dise\u00f1os, textos, im\u00e1genes, logos, iconos, nombres comerciales, marcas o cualquier otra informaci\u00f3n susceptible de utilizaci\u00f3n industrial y\/o comercial est\u00e1n protegidos por los correspondientes derechos de autor, no permitiendo su reproducci\u00f3n, transmisi\u00f3n o registro de informaci\u00f3n salvo autorizaci\u00f3n previa del titular, ASESORIA ESTUDIO 20 DE CEE, S.L.. No obstante, el usuario podr\u00e1 utilizar informaci\u00f3n facilitada para gestionar su pedido y los datos de contacto correspondientes.<\/p>\n<p><strong>Enlaces<\/strong><\/p>\n<p>ASESORIA ESTUDIO 20 DE CEE, S.L., no asume ninguna responsabilidad sobre los enlaces hac\u00eda otros sitios o p\u00e1ginas web que, en su caso, pudieran incluirse en el mismo, ya que no tiene ning\u00fan tipo de control sobre los mismos, por lo que el usuario accede bajo su exclusiva responsabilidad al contenido y en las condiciones de uso que rijan en los mismos.<\/p>\n<\/div><\/div><\/div><\/div><\/div>","protected":false},"excerpt":{"rendered":"","protected":false},"author":1,"featured_media":0,"parent":0,"menu_order":0,"comment_status":"closed","ping_status":"open","template":"100-width.php","meta":{"footnotes":""},"class_list":["post-3154","page","type-page","status-publish","hentry"],"yoast_head":"<!-- This site is optimized with the Yoast SEO plugin v23.9 - https:\/\/yoast.com\/wordpress\/plugins\/seo\/ -->\n<title>Aviso Legal - Asesor\u00eda Estudio 20 de Cee | Fiscal, Laboral y Contable<\/title>\n<meta name=\"robots\" content=\"noindex, follow\" \/>\n<meta property=\"og:locale\" content=\"gl_ES\" \/>\n<meta property=\"og:type\" content=\"article\" \/>\n<meta property=\"og:title\" content=\"Aviso Legal - Asesor\u00eda Estudio 20 de Cee | Fiscal, Laboral y Contable\" \/>\n<meta property=\"og:url\" content=\"https:\/\/asesoriaestudio20.com\/gl\/aviso-legal\/\" \/>\n<meta property=\"og:site_name\" content=\"Asesor\u00eda Estudio 20 de Cee | Fiscal, Laboral y Contable\" \/>\n<meta property=\"og:image\" content=\"https:\/\/asesoriaestudio20.com\/wp-content\/uploads\/gestoria-fiscal-en-cee.jpg\" \/>\n\t<meta property=\"og:image:width\" content=\"730\" \/>\n\t<meta property=\"og:image:height\" content=\"708\" \/>\n\t<meta property=\"og:image:type\" content=\"image\/jpeg\" \/>\n<meta name=\"twitter:card\" content=\"summary_large_image\" \/>\n<meta name=\"twitter:label1\" content=\"Tempo de lectura\" \/>\n\t<meta name=\"twitter:data1\" content=\"8 minutos\" \/>\n<script type=\"application\/ld+json\" class=\"yoast-schema-graph\">{\"@context\":\"https:\/\/schema.org\",\"@graph\":[{\"@type\":\"WebPage\",\"@id\":\"https:\/\/asesoriaestudio20.com\/aviso-legal\/\",\"url\":\"https:\/\/asesoriaestudio20.com\/aviso-legal\/\",\"name\":\"Aviso Legal - Asesor\u00eda Estudio 20 de Cee | Fiscal, Laboral y Contable\",\"isPartOf\":{\"@id\":\"https:\/\/asesoriaestudio20.com\/#website\"},\"datePublished\":\"2023-12-18T11:13:39+00:00\",\"dateModified\":\"2023-12-18T11:13:39+00:00\",\"breadcrumb\":{\"@id\":\"https:\/\/asesoriaestudio20.com\/aviso-legal\/#breadcrumb\"},\"inLanguage\":\"gl-ES\",\"potentialAction\":[{\"@type\":\"ReadAction\",\"target\":[\"https:\/\/asesoriaestudio20.com\/aviso-legal\/\"]}]},{\"@type\":\"BreadcrumbList\",\"@id\":\"https:\/\/asesoriaestudio20.com\/aviso-legal\/#breadcrumb\",\"itemListElement\":[{\"@type\":\"ListItem\",\"position\":1,\"name\":\"Portada\",\"item\":\"https:\/\/asesoriaestudio20.com\/\"},{\"@type\":\"ListItem\",\"position\":2,\"name\":\"Aviso Legal\"}]},{\"@type\":\"WebSite\",\"@id\":\"https:\/\/asesoriaestudio20.com\/#website\",\"url\":\"https:\/\/asesoriaestudio20.com\/\",\"name\":\"Asesor\u00eda Estudio 20 de Cee | Fiscal, Laboral y Contable\",\"description\":\"Asesoramiento, organizaci\u00f3n y gesti\u00f3n contable. Asesor\u00eda tributaria y fiscal. Constituci\u00f3n, disoluci\u00f3n y gesti\u00f3n de empresas. Estudios y proyectos de inversi\u00f3n. Asesoramiento, administraci\u00f3n y gesti\u00f3n de patrimonios. Econom\u00eda forense. Asesoramiento laboral.\",\"potentialAction\":[{\"@type\":\"SearchAction\",\"target\":{\"@type\":\"EntryPoint\",\"urlTemplate\":\"https:\/\/asesoriaestudio20.com\/?s={search_term_string}\"},\"query-input\":{\"@type\":\"PropertyValueSpecification\",\"valueRequired\":true,\"valueName\":\"search_term_string\"}}],\"inLanguage\":\"gl-ES\"}]}<\/script>\n<!-- \/ Yoast SEO plugin. -->","yoast_head_json":{"title":"Aviso Legal - Asesor\u00eda Estudio 20 de Cee | Fiscal, Laboral y Contable","robots":{"index":"noindex","follow":"follow"},"og_locale":"gl_ES","og_type":"article","og_title":"Aviso Legal - Asesor\u00eda Estudio 20 de Cee | Fiscal, Laboral y Contable","og_url":"https:\/\/asesoriaestudio20.com\/gl\/aviso-legal\/","og_site_name":"Asesor\u00eda Estudio 20 de Cee | Fiscal, Laboral y Contable","og_image":[{"width":730,"height":708,"url":"https:\/\/asesoriaestudio20.com\/wp-content\/uploads\/gestoria-fiscal-en-cee.jpg","type":"image\/jpeg"}],"twitter_card":"summary_large_image","twitter_misc":{"Tempo de lectura":"8 minutos"},"schema":{"@context":"https:\/\/schema.org","@graph":[{"@type":"WebPage","@id":"https:\/\/asesoriaestudio20.com\/aviso-legal\/","url":"https:\/\/asesoriaestudio20.com\/aviso-legal\/","name":"Aviso Legal - Asesor\u00eda Estudio 20 de Cee | Fiscal, Laboral y Contable","isPartOf":{"@id":"https:\/\/asesoriaestudio20.com\/#website"},"datePublished":"2023-12-18T11:13:39+00:00","dateModified":"2023-12-18T11:13:39+00:00","breadcrumb":{"@id":"https:\/\/asesoriaestudio20.com\/aviso-legal\/#breadcrumb"},"inLanguage":"gl-ES","potentialAction":[{"@type":"ReadAction","target":["https:\/\/asesoriaestudio20.com\/aviso-legal\/"]}]},{"@type":"BreadcrumbList","@id":"https:\/\/asesoriaestudio20.com\/aviso-legal\/#breadcrumb","itemListElement":[{"@type":"ListItem","position":1,"name":"Portada","item":"https:\/\/asesoriaestudio20.com\/"},{"@type":"ListItem","position":2,"name":"Aviso Legal"}]},{"@type":"WebSite","@id":"https:\/\/asesoriaestudio20.com\/#website","url":"https:\/\/asesoriaestudio20.com\/","name":"Asesor\u00eda Estudio 20 de Cee | Fiscal, Laboral y Contable","description":"Asesoramiento, organizaci\u00f3n y gesti\u00f3n contable. Asesor\u00eda tributaria y fiscal. Constituci\u00f3n, disoluci\u00f3n y gesti\u00f3n de empresas. Estudios y proyectos de inversi\u00f3n. Asesoramiento, administraci\u00f3n y gesti\u00f3n de patrimonios. Econom\u00eda forense. Asesoramiento laboral.","potentialAction":[{"@type":"SearchAction","target":{"@type":"EntryPoint","urlTemplate":"https:\/\/asesoriaestudio20.com\/?s={search_term_string}"},"query-input":{"@type":"PropertyValueSpecification","valueRequired":true,"valueName":"search_term_string"}}],"inLanguage":"gl-ES"}]}},"_links":{"self":[{"href":"https:\/\/asesoriaestudio20.com\/gl\/wp-json\/wp\/v2\/pages\/3154","targetHints":{"allow":["GET"]}}],"collection":[{"href":"https:\/\/asesoriaestudio20.com\/gl\/wp-json\/wp\/v2\/pages"}],"about":[{"href":"https:\/\/asesoriaestudio20.com\/gl\/wp-json\/wp\/v2\/types\/page"}],"author":[{"embeddable":true,"href":"https:\/\/asesoriaestudio20.com\/gl\/wp-json\/wp\/v2\/users\/1"}],"replies":[{"embeddable":true,"href":"https:\/\/asesoriaestudio20.com\/gl\/wp-json\/wp\/v2\/comments?post=3154"}],"version-history":[{"count":1,"href":"https:\/\/asesoriaestudio20.com\/gl\/wp-json\/wp\/v2\/pages\/3154\/revisions"}],"predecessor-version":[{"id":3155,"href":"https:\/\/asesoriaestudio20.com\/gl\/wp-json\/wp\/v2\/pages\/3154\/revisions\/3155"}],"wp:attachment":[{"href":"https:\/\/asesoriaestudio20.com\/gl\/wp-json\/wp\/v2\/media?parent=3154"}],"curies":[{"name":"wp","href":"https:\/\/api.w.org\/{rel}","templated":true}]}}